{"id":22,"date":"2025-08-26T14:51:08","date_gmt":"2025-08-26T14:51:08","guid":{"rendered":"https:\/\/darkblue-locust-182158.hostingersite.com\/iteration1\/?page_id=22"},"modified":"2026-04-19T14:47:06","modified_gmt":"2026-04-19T14:47:06","slug":"ways-to-help-iteration1","status":"publish","type":"page","link":"https:\/\/darkblue-locust-182158.hostingersite.com\/iteration1\/ways-to-help-iteration1\/","title":{"rendered":"WAYS TO HELP &#8211; Iteration1"},"content":{"rendered":"\t\t<div data-elementor-type=\"wp-page\" data-elementor-id=\"22\" class=\"elementor elementor-22\">\n\t\t\t\t<div class=\"elementor-element elementor-element-5408d2c e-transform e-con-full e-flex wpr-particle-no wpr-jarallax-no wpr-parallax-no wpr-sticky-section-no e-con e-parent\" data-id=\"5408d2c\" data-element_type=\"container\" data-e-type=\"container\" data-settings=\"{&quot;_transform_scale_effect&quot;:{&quot;unit&quot;:&quot;px&quot;,&quot;size&quot;:2.41,&quot;sizes&quot;:[]},&quot;background_background&quot;:&quot;classic&quot;,&quot;_transform_scale_effect_mobile&quot;:{&quot;unit&quot;:&quot;px&quot;,&quot;size&quot;:1.21,&quot;sizes&quot;:[]},&quot;_transform_scale_effect_tablet&quot;:{&quot;unit&quot;:&quot;px&quot;,&quot;size&quot;:&quot;&quot;,&quot;sizes&quot;:[]}}\">\n\t\t\t\t<div class=\"elementor-element elementor-element-8aa9b02 elementor-widget elementor-widget-text-editor\" data-id=\"8aa9b02\" data-element_type=\"widget\" data-e-type=\"widget\" data-widget_type=\"text-editor.default\">\n\t\t\t\t\t\t\t\t\t<p><span style=\"font-family: 'Bebas Neue'; font-size: 40px;\">WAYS TO HELP<\/span><\/p>\t\t\t\t\t\t\t\t<\/div>\n\t\t\t\t<div class=\"elementor-element elementor-element-6ff0966 e-transform elementor-widget elementor-widget-text-editor\" data-id=\"6ff0966\" data-element_type=\"widget\" data-e-type=\"widget\" data-settings=\"{&quot;_transform_scale_effect_mobile&quot;:{&quot;unit&quot;:&quot;px&quot;,&quot;size&quot;:0.9,&quot;sizes&quot;:[]},&quot;_transform_scale_effect&quot;:{&quot;unit&quot;:&quot;px&quot;,&quot;size&quot;:&quot;&quot;,&quot;sizes&quot;:[]},&quot;_transform_scale_effect_tablet&quot;:{&quot;unit&quot;:&quot;px&quot;,&quot;size&quot;:&quot;&quot;,&quot;sizes&quot;:[]}}\" data-widget_type=\"text-editor.default\">\n\t\t\t\t\t\t\t\t\t<h5 class=\"body\" dir=\"auto\" data-pm-slice=\"1 1 []\">Discussed below are a few ways a person can reduce their waste when it comes to disposing of clothing. This includes repurposing and fixing, reusing and converting old clothes into usable material, donating them to charity drives, or alternative shopping ukay-ukay and thrifting, and making smart decisions through considering the price, reviews, and varieties.<\/h5>\t\t\t\t\t\t\t\t<\/div>\n\t\t\t\t<\/div>\n\t\t<div class=\"elementor-element elementor-element-7274e1f e-transform e-con-full e-flex wpr-particle-no wpr-jarallax-no wpr-parallax-no wpr-sticky-section-no e-con e-parent\" data-id=\"7274e1f\" data-element_type=\"container\" data-e-type=\"container\" data-settings=\"{&quot;_transform_scale_effect&quot;:{&quot;unit&quot;:&quot;px&quot;,&quot;size&quot;:1.2,&quot;sizes&quot;:[]},&quot;background_background&quot;:&quot;gradient&quot;,&quot;_transform_scale_effect_mobile&quot;:{&quot;unit&quot;:&quot;px&quot;,&quot;size&quot;:1,&quot;sizes&quot;:[]},&quot;_transform_scale_effect_tablet&quot;:{&quot;unit&quot;:&quot;px&quot;,&quot;size&quot;:&quot;&quot;,&quot;sizes&quot;:[]}}\">\n\t\t<div class=\"elementor-element elementor-element-b65eef9 e-grid e-con-full e-transform wpr-particle-no wpr-jarallax-no wpr-parallax-no wpr-sticky-section-no e-con e-child\" data-id=\"b65eef9\" data-element_type=\"container\" data-e-type=\"container\" data-settings=\"{&quot;_transform_scale_effect&quot;:{&quot;unit&quot;:&quot;px&quot;,&quot;size&quot;:&quot;&quot;,&quot;sizes&quot;:[]},&quot;_transform_scale_effect_tablet&quot;:{&quot;unit&quot;:&quot;px&quot;,&quot;size&quot;:&quot;&quot;,&quot;sizes&quot;:[]},&quot;_transform_scale_effect_mobile&quot;:{&quot;unit&quot;:&quot;px&quot;,&quot;size&quot;:&quot;&quot;,&quot;sizes&quot;:[]}}\">\n\t\t\t\t<div class=\"elementor-element elementor-element-50e215a e-transform elementor-widget elementor-widget-image\" data-id=\"50e215a\" data-element_type=\"widget\" data-e-type=\"widget\" data-settings=\"{&quot;_transform_scale_effect_mobile&quot;:{&quot;unit&quot;:&quot;px&quot;,&quot;size&quot;:0.9,&quot;sizes&quot;:[]},&quot;_transform_scale_effect&quot;:{&quot;unit&quot;:&quot;px&quot;,&quot;size&quot;:&quot;&quot;,&quot;sizes&quot;:[]},&quot;_transform_scale_effect_tablet&quot;:{&quot;unit&quot;:&quot;px&quot;,&quot;size&quot;:&quot;&quot;,&quot;sizes&quot;:[]}}\" data-widget_type=\"image.default\">\n\t\t\t\t\t\t\t\t\t\t\t\t\t\t\t\t<a href=\"https:\/\/darkblue-locust-182158.hostingersite.com\/iteration1\/repurposing-your-clothes\/\">\n\t\t\t\t\t\t\t<img fetchpriority=\"high\" decoding=\"async\" width=\"1024\" height=\"576\" src=\"https:\/\/darkblue-locust-182158.hostingersite.com\/iteration1\/wp-content\/uploads\/2025\/08\/image_2025-08-28_212302513-1024x576.png\" class=\"attachment-large size-large wp-image-225\" alt=\"\" srcset=\"https:\/\/darkblue-locust-182158.hostingersite.com\/iteration1\/wp-content\/uploads\/2025\/08\/image_2025-08-28_212302513-1024x576.png 1024w, https:\/\/darkblue-locust-182158.hostingersite.com\/iteration1\/wp-content\/uploads\/2025\/08\/image_2025-08-28_212302513-300x169.png 300w, https:\/\/darkblue-locust-182158.hostingersite.com\/iteration1\/wp-content\/uploads\/2025\/08\/image_2025-08-28_212302513-768x432.png 768w, https:\/\/darkblue-locust-182158.hostingersite.com\/iteration1\/wp-content\/uploads\/2025\/08\/image_2025-08-28_212302513-1536x864.png 1536w, https:\/\/darkblue-locust-182158.hostingersite.com\/iteration1\/wp-content\/uploads\/2025\/08\/image_2025-08-28_212302513.png 1920w\" sizes=\"(max-width: 1024px) 100vw, 1024px\" \/>\t\t\t\t\t\t\t\t<\/a>\n\t\t\t\t\t\t\t\t\t\t\t\t\t\t\t<\/div>\n\t\t\t\t<div class=\"elementor-element elementor-element-3304ff2 e-transform elementor-widget elementor-widget-image\" data-id=\"3304ff2\" data-element_type=\"widget\" data-e-type=\"widget\" data-settings=\"{&quot;_transform_scale_effect_mobile&quot;:{&quot;unit&quot;:&quot;px&quot;,&quot;size&quot;:0.9,&quot;sizes&quot;:[]},&quot;_transform_scale_effect&quot;:{&quot;unit&quot;:&quot;px&quot;,&quot;size&quot;:&quot;&quot;,&quot;sizes&quot;:[]},&quot;_transform_scale_effect_tablet&quot;:{&quot;unit&quot;:&quot;px&quot;,&quot;size&quot;:&quot;&quot;,&quot;sizes&quot;:[]}}\" data-widget_type=\"image.default\">\n\t\t\t\t\t\t\t\t\t\t\t\t\t\t\t\t<a href=\"https:\/\/darkblue-locust-182158.hostingersite.com\/iteration1\/try-alternative-shopping\/\">\n\t\t\t\t\t\t\t<img decoding=\"async\" width=\"822\" height=\"1024\" src=\"https:\/\/darkblue-locust-182158.hostingersite.com\/iteration1\/wp-content\/uploads\/2025\/08\/image_2025-08-28_221609290-e1756391057303-822x1024.png\" class=\"attachment-large size-large wp-image-229\" alt=\"\" srcset=\"https:\/\/darkblue-locust-182158.hostingersite.com\/iteration1\/wp-content\/uploads\/2025\/08\/image_2025-08-28_221609290-e1756391057303-822x1024.png 822w, https:\/\/darkblue-locust-182158.hostingersite.com\/iteration1\/wp-content\/uploads\/2025\/08\/image_2025-08-28_221609290-e1756391057303-241x300.png 241w, https:\/\/darkblue-locust-182158.hostingersite.com\/iteration1\/wp-content\/uploads\/2025\/08\/image_2025-08-28_221609290-e1756391057303-768x957.png 768w, https:\/\/darkblue-locust-182158.hostingersite.com\/iteration1\/wp-content\/uploads\/2025\/08\/image_2025-08-28_221609290-e1756391057303.png 867w\" sizes=\"(max-width: 822px) 100vw, 822px\" \/>\t\t\t\t\t\t\t\t<\/a>\n\t\t\t\t\t\t\t\t\t\t\t\t\t\t\t<\/div>\n\t\t\t\t<div class=\"elementor-element elementor-element-d44cf62 e-transform elementor-widget elementor-widget-image\" data-id=\"d44cf62\" data-element_type=\"widget\" data-e-type=\"widget\" data-settings=\"{&quot;_transform_scale_effect_mobile&quot;:{&quot;unit&quot;:&quot;px&quot;,&quot;size&quot;:0.9,&quot;sizes&quot;:[]},&quot;_transform_scale_effect&quot;:{&quot;unit&quot;:&quot;px&quot;,&quot;size&quot;:&quot;&quot;,&quot;sizes&quot;:[]},&quot;_transform_scale_effect_tablet&quot;:{&quot;unit&quot;:&quot;px&quot;,&quot;size&quot;:&quot;&quot;,&quot;sizes&quot;:[]}}\" data-widget_type=\"image.default\">\n\t\t\t\t\t\t\t\t\t\t\t\t\t\t\t\t<a href=\"https:\/\/darkblue-locust-182158.hostingersite.com\/iteration1\/make-selective-decisions\/\">\n\t\t\t\t\t\t\t<img decoding=\"async\" width=\"1024\" height=\"576\" src=\"https:\/\/darkblue-locust-182158.hostingersite.com\/iteration1\/wp-content\/uploads\/2025\/08\/image_2025-08-28_222954564-1024x576.png\" class=\"attachment-large size-large wp-image-234\" alt=\"\" srcset=\"https:\/\/darkblue-locust-182158.hostingersite.com\/iteration1\/wp-content\/uploads\/2025\/08\/image_2025-08-28_222954564-1024x576.png 1024w, https:\/\/darkblue-locust-182158.hostingersite.com\/iteration1\/wp-content\/uploads\/2025\/08\/image_2025-08-28_222954564-300x169.png 300w, https:\/\/darkblue-locust-182158.hostingersite.com\/iteration1\/wp-content\/uploads\/2025\/08\/image_2025-08-28_222954564-768x432.png 768w, https:\/\/darkblue-locust-182158.hostingersite.com\/iteration1\/wp-content\/uploads\/2025\/08\/image_2025-08-28_222954564-1536x864.png 1536w, https:\/\/darkblue-locust-182158.hostingersite.com\/iteration1\/wp-content\/uploads\/2025\/08\/image_2025-08-28_222954564.png 1920w\" sizes=\"(max-width: 1024px) 100vw, 1024px\" \/>\t\t\t\t\t\t\t\t<\/a>\n\t\t\t\t\t\t\t\t\t\t\t\t\t\t\t<\/div>\n\t\t\t\t<\/div>\n\t\t\t\t<\/div>\n\t\t<div class=\"elementor-element elementor-element-88ccdbb e-con-full e-transform e-flex wpr-particle-no wpr-jarallax-no wpr-parallax-no wpr-sticky-section-no e-con e-parent\" data-id=\"88ccdbb\" data-element_type=\"container\" data-e-type=\"container\" data-settings=\"{&quot;_transform_scale_effect&quot;:{&quot;unit&quot;:&quot;px&quot;,&quot;size&quot;:1.4,&quot;sizes&quot;:[]},&quot;_transform_scale_effect_tablet&quot;:{&quot;unit&quot;:&quot;px&quot;,&quot;size&quot;:&quot;&quot;,&quot;sizes&quot;:[]},&quot;_transform_scale_effect_mobile&quot;:{&quot;unit&quot;:&quot;px&quot;,&quot;size&quot;:&quot;&quot;,&quot;sizes&quot;:[]}}\">\n\t\t\t\t<div class=\"elementor-element elementor-element-0df70e7 elementor-widget__width-initial elementor-widget elementor-widget-heading\" data-id=\"0df70e7\" data-element_type=\"widget\" data-e-type=\"widget\" data-widget_type=\"heading.default\">\n\t\t\t\t\t<h2 class=\"elementor-heading-title elementor-size-default\"><a href=\"https:\/\/darkblue-locust-182158.hostingersite.com\/iteration1\/iteration1\/repurposing-your-clothes-iteration1\/\">REPURPOSING YOUR CLOTHES<\/a><\/h2>\t\t\t\t<\/div>\n\t\t\t\t<div class=\"elementor-element elementor-element-c93a9f2 elementor-widget__width-initial elementor-widget-mobile__width-initial elementor-widget elementor-widget-heading\" data-id=\"c93a9f2\" data-element_type=\"widget\" data-e-type=\"widget\" data-widget_type=\"heading.default\">\n\t\t\t\t\t<h2 class=\"elementor-heading-title elementor-size-default\"><a href=\"https:\/\/darkblue-locust-182158.hostingersite.com\/iteration1\/iteration1\/try-alternative-shopping-iteration1\/\">TRY ALTERNATIVE SHOPPING<\/a><\/h2>\t\t\t\t<\/div>\n\t\t\t\t<div class=\"elementor-element elementor-element-1c955db elementor-widget__width-initial elementor-widget-mobile__width-initial elementor-widget elementor-widget-heading\" data-id=\"1c955db\" data-element_type=\"widget\" data-e-type=\"widget\" data-widget_type=\"heading.default\">\n\t\t\t\t\t<h2 class=\"elementor-heading-title elementor-size-default\"><a href=\"https:\/\/darkblue-locust-182158.hostingersite.com\/iteration1\/iteration1\/make-selective-decisions-iteration1\/\">MAKE SELECTIVE CHOICES<\/a><\/h2>\t\t\t\t<\/div>\n\t\t\t\t<\/div>\n\t\t<div class=\"elementor-element elementor-element-17199f8 e-con-full e-transform e-flex wpr-particle-no wpr-jarallax-no wpr-parallax-no wpr-sticky-section-no e-con e-parent\" data-id=\"17199f8\" data-element_type=\"container\" data-e-type=\"container\" data-settings=\"{&quot;_transform_scale_effect_mobile&quot;:{&quot;unit&quot;:&quot;px&quot;,&quot;size&quot;:0.7,&quot;sizes&quot;:[]},&quot;_transform_scale_effect&quot;:{&quot;unit&quot;:&quot;px&quot;,&quot;size&quot;:&quot;&quot;,&quot;sizes&quot;:[]},&quot;_transform_scale_effect_tablet&quot;:{&quot;unit&quot;:&quot;px&quot;,&quot;size&quot;:&quot;&quot;,&quot;sizes&quot;:[]}}\">\n\t\t\t\t<div class=\"elementor-element elementor-element-7ae0679 elementor-widget__width-initial elementor-widget elementor-widget-heading\" data-id=\"7ae0679\" data-element_type=\"widget\" data-e-type=\"widget\" data-widget_type=\"heading.default\">\n\t\t\t\t\t<h2 class=\"elementor-heading-title elementor-size-default\">SHARE YOUR THOUGHTS WITH US<\/h2>\t\t\t\t<\/div>\n\t\t\t\t<\/div>\n\t\t<div class=\"elementor-element elementor-element-be13212 e-con-full e-transform e-flex wpr-particle-no wpr-jarallax-no wpr-parallax-no wpr-sticky-section-no e-con e-parent\" data-id=\"be13212\" data-element_type=\"container\" data-e-type=\"container\" data-settings=\"{&quot;background_background&quot;:&quot;classic&quot;,&quot;_transform_scale_effect_mobile&quot;:{&quot;unit&quot;:&quot;px&quot;,&quot;size&quot;:0.8,&quot;sizes&quot;:[]},&quot;_transform_scale_effect&quot;:{&quot;unit&quot;:&quot;px&quot;,&quot;size&quot;:&quot;&quot;,&quot;sizes&quot;:[]},&quot;_transform_scale_effect_tablet&quot;:{&quot;unit&quot;:&quot;px&quot;,&quot;size&quot;:&quot;&quot;,&quot;sizes&quot;:[]}}\">\n\t\t\t\t<div class=\"elementor-element elementor-element-82cb4e3 elementor-widget__width-initial elementor-widget elementor-widget-comment_form_widget\" data-id=\"82cb4e3\" data-element_type=\"widget\" data-e-type=\"widget\" data-widget_type=\"comment_form_widget.default\">\n\t\t\t\t<div class=\"elementor-widget-container\">\n\t\t\t\t\t<form action=\"https:\/\/darkblue-locust-182158.hostingersite.com\/iteration1\/wp-comments-post.php\" method=\"post\" id=\"ast-commentform\" class=\"comment-form \">\n<div style=\"margin-bottom: 10px;\" class=\"elementor-field-type-text elementor-field-group elementor-column elementor-field-group-name elementor-col-100 elementor-field-required\">\n<label for=\"form-field-name\" class=\"elementor-field-label elementor-screen-only\"> Imi\u0119 i nazwisko* <\/label>\n<input  size=\"30\" type=\"text\"  name=\"author\"  id=\"author\" class=\"elementor-field elementor-size-sm  elementor-field-textual\" value=\"\" placeholder=\"Name*\" required=\"required\" aria-required=\"true\">\n<\/div><div style=\"margin-bottom: 10px;\" class=\"elementor-field-type-text elementor-field-group elementor-column elementor-field-group-name elementor-col-100 elementor-field-required\">\n<label for=\"form-field-name\" class=\"elementor-field-label elementor-screen-only\"> Email* <\/label>\n<input  size=\"30\" type=\"text\" id=\"email\" name=\"email\" class=\"elementor-field elementor-size-sm  elementor-field-textual\" value=\"\" placeholder=\"Email*\" required=\"required\" aria-required=\"true\">\n<\/div>\t<div style=\"margin-bottom: 10px;\" class=\"elementor-field-type-textarea elementor-field-group elementor-column elementor-field-group-message elementor-col-100\">\n<label for=\"form-field-message\" class=\"elementor-field-label elementor-screen-only\"> Tre\u015b\u0107 wiadomo\u015bci*\t<\/label>\n<textarea class=\"elementor-field-textual elementor-field  elementor-size-sm\" id=\"comment\" name=\"comment\" rows=\"9\" placeholder=\"Comment here...\" aria-required=\"true\"><\/textarea><\/div>\n\n\n<p class=\"form-submit\"><input name=\"submit\" type=\"submit\" id=\"submit\" class=\"submit\" value=\"Submit\"> <input type=\"hidden\" name=\"comment_post_ID\" class=\"comment_post_ID\" value=\"22\" id=\"comment_post_ID\">\n<input type=\"hidden\" name=\"comment_parent\" id=\"comment_parent\" value=\"0\">\n<\/p>\n\n<\/form>\n\t\t\t\t\t\t<\/div>\n\t\t\t\t<\/div>\n\t\t\t\t<\/div>\n\t\t\t\t<\/div>\n\t\t","protected":false},"excerpt":{"rendered":"<p>WAYS TO HELP Discussed below are a few ways a person can reduce their waste when it comes to disposing of clothing. This includes repurposing and fixing, reusing and converting old clothes into usable material, donating them to charity drives, or alternative shopping ukay-ukay and thrifting, and making smart decisions through considering the price, reviews, and varieties. REPURPOSING YOUR CLOTHES TRY ALTERNATIVE SHOPPING MAKE SELECTIVE CHOICES SHARE YOUR THOUGHTS WITH US Imi\u0119 i nazwisko* Email* Tre\u015b\u0107 wiadomo\u015bci*<\/p>\n","protected":false},"author":1,"featured_media":0,"parent":0,"menu_order":0,"comment_status":"closed","ping_status":"closed","template":"","meta":{"_eb_attr":"","footnotes":""},"class_list":["post-22","page","type-page","status-publish","hentry"],"_links":{"self":[{"href":"https:\/\/darkblue-locust-182158.hostingersite.com\/iteration1\/wp-json\/wp\/v2\/pages\/22","targetHints":{"allow":["GET"]}}],"collection":[{"href":"https:\/\/darkblue-locust-182158.hostingersite.com\/iteration1\/wp-json\/wp\/v2\/pages"}],"about":[{"href":"https:\/\/darkblue-locust-182158.hostingersite.com\/iteration1\/wp-json\/wp\/v2\/types\/page"}],"author":[{"embeddable":true,"href":"https:\/\/darkblue-locust-182158.hostingersite.com\/iteration1\/wp-json\/wp\/v2\/users\/1"}],"replies":[{"embeddable":true,"href":"https:\/\/darkblue-locust-182158.hostingersite.com\/iteration1\/wp-json\/wp\/v2\/comments?post=22"}],"version-history":[{"count":164,"href":"https:\/\/darkblue-locust-182158.hostingersite.com\/iteration1\/wp-json\/wp\/v2\/pages\/22\/revisions"}],"predecessor-version":[{"id":4911,"href":"https:\/\/darkblue-locust-182158.hostingersite.com\/iteration1\/wp-json\/wp\/v2\/pages\/22\/revisions\/4911"}],"wp:attachment":[{"href":"https:\/\/darkblue-locust-182158.hostingersite.com\/iteration1\/wp-json\/wp\/v2\/media?parent=22"}],"curies":[{"name":"wp","href":"https:\/\/api.w.org\/{rel}","templated":true}]}}